{"id":4,"date":"2019-11-17T17:33:17","date_gmt":"2019-11-17T17:33:17","guid":{"rendered":"https:\/\/psychotherapie-heckhausen.de\/?page_id=4"},"modified":"2025-12-20T11:56:40","modified_gmt":"2025-12-20T11:56:40","slug":"4-2","status":"publish","type":"page","link":"https:\/\/psychotherapie-heckhausen.de\/","title":{"rendered":"Herzlich Willkommen"},"content":{"rendered":"\t\t<div data-elementor-type=\"wp-page\" data-elementor-id=\"4\" class=\"elementor elementor-4\">\n\t\t\t\t\t\t<section class=\"elementor-section elementor-top-section elementor-element elementor-element-c4fb960 elementor-section-boxed elementor-section-height-default elementor-section-height-default\" data-id=\"c4fb960\" data-element_type=\"section\">\n\t\t\t\t\t\t<div class=\"elementor-container elementor-column-gap-default\">\n\t\t\t\t\t<div class=\"elementor-column elementor-col-100 elementor-top-column elementor-element elementor-element-4896596\" data-id=\"4896596\" data-element_type=\"column\">\n\t\t\t<div class=\"elementor-widget-wrap elementor-element-populated\">\n\t\t\t\t\t\t\t<\/div>\n\t\t<\/div>\n\t\t\t\t\t<\/div>\n\t\t<\/section>\n\t\t\t\t<section class=\"elementor-section elementor-top-section elementor-element elementor-element-0f5d862 elementor-section-boxed elementor-section-height-default elementor-section-height-default\" data-id=\"0f5d862\" data-element_type=\"section\">\n\t\t\t\t\t\t<div class=\"elementor-container elementor-column-gap-default\">\n\t\t\t\t\t<div class=\"elementor-column elementor-col-100 elementor-top-column elementor-element elementor-element-fb1414b\" data-id=\"fb1414b\" data-element_type=\"column\">\n\t\t\t<div class=\"elementor-widget-wrap elementor-element-populated\">\n\t\t\t\t\t\t<div class=\"elementor-element elementor-element-0da173f elementor-widget elementor-widget-text-editor\" data-id=\"0da173f\" data-element_type=\"widget\" data-widget_type=\"text-editor.default\">\n\t\t\t\t<div class=\"elementor-widget-container\">\n\t\t\t\t\t\t\t\t\t<p style=\"margin-bottom: 24px; font-style: normal; font-variant-caps: normal; font-stretch: normal; line-height: normal; font-family: 'Helvetica Neue'; font-size-adjust: none; font-kerning: auto; font-variant-alternates: normal; font-variant-ligatures: normal; font-variant-numeric: normal; font-variant-east-asian: normal; font-variant-position: normal; font-variant-emoji: normal; font-feature-settings: normal; font-optical-sizing: auto; font-variation-settings: normal; color: #676767;\">Herzlich willkommen auf der Homepage zu meiner Psychotherapeutischen Praxis in M\u00f6nchengladbach-Odenkirchen.<\/p>\n<p style=\"margin-bottom: 24px; font-style: normal; font-variant-caps: normal; font-stretch: normal; line-height: normal; font-family: 'Helvetica Neue'; font-size-adjust: none; font-kerning: auto; font-variant-alternates: normal; font-variant-ligatures: normal; font-variant-numeric: normal; font-variant-east-asian: normal; font-variant-position: normal; font-variant-emoji: normal; font-feature-settings: normal; font-optical-sizing: auto; font-variation-settings: normal; color: #676767;\">Sie finden mich in meinen Praxisr\u00e4umen auf der Schmidt-Bleibtreu-Str. 59 in 41199 M\u00f6nchengladbach-Odenkirchen.<\/p>\n<p style=\"margin-bottom: 24px; font-style: normal; font-variant-caps: normal; font-stretch: normal; line-height: normal; font-family: 'Helvetica Neue'; font-size-adjust: none; font-kerning: auto; font-variant-alternates: normal; font-variant-ligatures: normal; font-variant-numeric: normal; font-variant-east-asian: normal; font-variant-position: normal; font-variant-emoji: normal; font-feature-settings: normal; font-optical-sizing: auto; font-variation-settings: normal; color: #676767;\">Zur Vereinbarung eines Termins f\u00fcr ein Erstgespr\u00e4ch (auch Sprechstundentermin genannt) registrieren Sie sich bitte bei&nbsp;<a href=\"https:\/\/app.lucoyo.de\/new-request?&amp;token=1b9c27d3-07fc-44f9-805c-88d2306b91c6\" target=\"_blank\" rel=\"noopener\">Lucoyo<\/a>. Eine Registrierung ist nur bei freien Kapazit\u00e4ten m\u00f6glich.<\/p>\n<p style=\"margin-bottom: 24px; font-style: normal; font-variant-caps: normal; font-stretch: normal; line-height: normal; font-family: 'Helvetica Neue'; font-size-adjust: none; font-kerning: auto; font-variant-alternates: normal; font-variant-ligatures: normal; font-variant-numeric: normal; font-variant-east-asian: normal; font-variant-position: normal; font-variant-emoji: normal; font-feature-settings: normal; font-optical-sizing: auto; font-variation-settings: normal; color: #676767;\">Telefonisch erreichen Sie die Praxis montags von 12:00 bis 13:40 Uhr unter der Telefonnummer 02431\/9579623.<\/p>\n<p style=\"margin-bottom: 24px; font-style: normal; font-variant-caps: normal; font-stretch: normal; line-height: normal; font-family: 'Helvetica Neue'; font-size-adjust: none; font-kerning: auto; font-variant-alternates: normal; font-variant-ligatures: normal; font-variant-numeric: normal; font-variant-east-asian: normal; font-variant-position: normal; font-variant-emoji: normal; font-feature-settings: normal; font-optical-sizing: auto; font-variation-settings: normal; color: #676767;\">Bitte beachten Sie dazu ebenfalls die Hinweise unter dem Reiter AKTUELLES.<\/p>\n<p style=\"margin-bottom: 24px; font-style: normal; font-variant-caps: normal; font-stretch: normal; line-height: normal; font-family: 'Helvetica Neue'; font-size-adjust: none; font-kerning: auto; font-variant-alternates: normal; font-variant-ligatures: normal; font-variant-numeric: normal; font-variant-east-asian: normal; font-variant-position: normal; font-variant-emoji: normal; font-feature-settings: normal; font-optical-sizing: auto; font-variation-settings: normal; color: #676767;\">Ich freue mich \u00fcber Ihr Interesse und verbleibe<br>mit freundlichen Gr\u00fc\u00dfen<br>Dr. Miriam Heckhausen<\/p>\n<p style=\"margin-bottom: 24px; font-style: normal; font-variant-caps: normal; font-stretch: normal; line-height: normal; font-family: 'Helvetica Neue'; font-size-adjust: none; font-kerning: auto; font-variant-alternates: normal; font-variant-ligatures: normal; font-variant-numeric: normal; font-variant-east-asian: normal; font-variant-position: normal; font-variant-emoji: normal; font-feature-settings: normal; font-optical-sizing: auto; font-variation-settings: normal; color: #676767;\">Psychologische Psychotherapeutin (Verhaltenstherapie)<\/p>\n<p style=\"margin-bottom: 24px; font-style: normal; font-variant-caps: normal; font-stretch: normal; line-height: normal; font-family: 'Helvetica Neue'; font-size-adjust: none; font-kerning: auto; font-variant-alternates: normal; font-variant-ligatures: normal; font-variant-numeric: normal; font-variant-east-asian: normal; font-variant-position: normal; font-variant-emoji: normal; font-feature-settings: normal; font-optical-sizing: auto; font-variation-settings: normal; color: #676767;\">Privat, Selbstzahler und alle Kassen.<br>Termine nur nach Vereinbarung.<\/p>\t\t\t\t\t\t\t\t<\/div>\n\t\t\t\t<\/div>\n\t\t\t\t\t<\/div>\n\t\t<\/div>\n\t\t\t\t\t<\/div>\n\t\t<\/section>\n\t\t\t\t<\/div>\n\t\t","protected":false},"excerpt":{"rendered":"<p>Herzlich willkommen auf der Homepage zu meiner Psychotherapeutischen Praxis in M\u00f6nchengladbach-Odenkirchen. Sie finden mich in meinen Praxisr\u00e4umen auf der Schmidt-Bleibtreu-Str. 59 in 41199 M\u00f6nchengladbach-Odenkirchen. Zur Vereinbarung eines Termins f\u00fcr ein Erstgespr\u00e4ch (auch Sprechstundentermin genannt) registrieren Sie sich bitte bei&nbsp;Lucoyo. Eine Registrierung ist nur bei freien Kapazit\u00e4ten m\u00f6glich. Telefonisch erreichen Sie die Praxis montags von 12:00 &hellip; <\/p>\n<p class=\"link-more\"><a href=\"https:\/\/psychotherapie-heckhausen.de\/\" class=\"more-link\"><span class=\"screen-reader-text\">\u201eHerzlich Willkommen\u201c<\/span> weiterlesen<\/a><\/p>\n","protected":false},"author":1,"featured_media":0,"parent":0,"menu_order":0,"comment_status":"closed","ping_status":"closed","template":"","meta":{"footnotes":""},"class_list":["post-4","page","type-page","status-publish","hentry"],"_links":{"self":[{"href":"https:\/\/psychotherapie-heckhausen.de\/index.php?rest_route=\/wp\/v2\/pages\/4","targetHints":{"allow":["GET"]}}],"collection":[{"href":"https:\/\/psychotherapie-heckhausen.de\/index.php?rest_route=\/wp\/v2\/pages"}],"about":[{"href":"https:\/\/psychotherapie-heckhausen.de\/index.php?rest_route=\/wp\/v2\/types\/page"}],"author":[{"embeddable":true,"href":"https:\/\/psychotherapie-heckhausen.de\/index.php?rest_route=\/wp\/v2\/users\/1"}],"replies":[{"embeddable":true,"href":"https:\/\/psychotherapie-heckhausen.de\/index.php?rest_route=%2Fwp%2Fv2%2Fcomments&post=4"}],"version-history":[{"count":56,"href":"https:\/\/psychotherapie-heckhausen.de\/index.php?rest_route=\/wp\/v2\/pages\/4\/revisions"}],"predecessor-version":[{"id":224,"href":"https:\/\/psychotherapie-heckhausen.de\/index.php?rest_route=\/wp\/v2\/pages\/4\/revisions\/224"}],"wp:attachment":[{"href":"https:\/\/psychotherapie-heckhausen.de\/index.php?rest_route=%2Fwp%2Fv2%2Fmedia&parent=4"}],"curies":[{"name":"wp","href":"https:\/\/api.w.org\/{rel}","templated":true}]}}